{"id":30896,"date":"2025-07-03T16:25:45","date_gmt":"2025-07-03T14:25:45","guid":{"rendered":"https:\/\/www.markus-weiss.at\/home\/?page_id=30896"},"modified":"2025-10-09T14:07:18","modified_gmt":"2025-10-09T12:07:18","slug":"ueber-mich","status":"publish","type":"page","link":"https:\/\/www.markus-weiss.at\/home\/ueber-mich\/","title":{"rendered":"\u00dcber mich"},"content":{"rendered":"<p>[et_pb_section fb_built=&#8220;1&#8243; fullwidth=&#8220;on&#8220; _builder_version=&#8220;4.16&#8243; custom_padding=&#8220;0px|0px|0|0px|false|false&#8220; global_colors_info=&#8220;{}&#8220;][et_pb_fullwidth_slider _builder_version=&#8220;4.27.4&#8243; custom_padding=&#8220;||33vw&#8220; custom_padding_tablet=&#8220;||40vw&#8220; custom_padding_phone=&#8220;||40vw&#8220; custom_padding_last_edited=&#8220;on|desktop&#8220; auto=&#8220;on&#8220; auto_speed=&#8220;5000&#8243; global_colors_info=&#8220;{}&#8220;][et_pb_slide admin_title=&#8220;Palmen&#8220; _builder_version=&#8220;4.27.4&#8243; background_image=&#8220;https:\/\/www.markus-weiss.at\/home\/wp-content\/uploads\/2019\/11\/DJ_Startseite_3.jpg&#8220; background_enable_image=&#8220;on&#8220; global_colors_info=&#8220;{}&#8220; sticky_transition=&#8220;on&#8220;][\/et_pb_slide][\/et_pb_fullwidth_slider][\/et_pb_section][et_pb_section fb_built=&#8220;1&#8243; disabled_on=&#8220;off|off|off&#8220; _builder_version=&#8220;4.16&#8243; background_color=&#8220;#eaeaea&#8220; custom_padding=&#8220;35px|0px|0|0px|false|false&#8220; global_colors_info=&#8220;{}&#8220;][et_pb_row _builder_version=&#8220;4.16&#8243; global_colors_info=&#8220;{}&#8220;][et_pb_column type=&#8220;4_4&#8243; _builder_version=&#8220;4.16&#8243; custom_padding=&#8220;|||&#8220; global_colors_info=&#8220;{}&#8220; custom_padding__hover=&#8220;|||&#8220;][et_pb_text _builder_version=&#8220;4.16&#8243; text_font=&#8220;||||||||&#8220; text_font_size=&#8220;16px&#8220; global_colors_info=&#8220;{}&#8220;]<\/p>\n<p style=\"text-align: center;\"><span style=\"font-family: inherit;\"><strong>Durch jahrelange Erfahrung als DJ, mein vielf\u00e4ltiges Know-how in Sachen Eventmanagement sowie umfangreiches Musikwissen bin ich DER Experte f\u00fcr dein Event<\/strong><strong>. Mein Gesp\u00fcr und der richtige Riecher f\u00fcr die besten Hits im passenden Moment zeichnen mich aus. <\/strong><\/span><\/p>\n<p style=\"text-align: center;\"><span style=\"font-family: inherit; font-size: 16px;\">Ich habe meine Leidenschaft zum Beruf gemacht und mich vor fast 25 Jahren ganz der Musik und stilvollen Unterhaltung verschrieben.<\/span><\/p>\n<p style=\"text-align: center;\"><span style=\"font-family: inherit; font-size: 16px;\">In all den Jahren durfte ich auf zahlreichen Events namhafter Unternehmen \u2013 wie MAGNA, GRANIT Bau, Fresenius Kabi, METRO, AVL, Generali, Agrana oder Raiffeisen \u2013 mein K\u00f6nnen immer wieder unter Beweis stellen. Zur\u00fcckblicken kann ich unter anderem auf eine erfolgreiche Zusammenarbeit mit dem Radiosender Kronehit sowie dem Red Bull Media House.<\/span><\/p>\n<p style=\"text-align: center;\"><span style=\"font-family: inherit;\">Ein Highlight meiner Karriere war sicherlich die gro\u00dfe Silvesterparty am Grazer Hauptplatz, als ich den Besuchern als DJ ordentlich einheizen und f\u00fcr ausgelassene Stimmung sorgen durfte.<\/span><\/p>\n<p style=\"text-align: center;\">\n<p>[\/et_pb_text][\/et_pb_column][\/et_pb_row][et_pb_row _builder_version=&#8220;4.16&#8243; custom_padding=&#8220;21px|0px|27px|0px|false|false&#8220; global_colors_info=&#8220;{}&#8220;][et_pb_column type=&#8220;4_4&#8243; _builder_version=&#8220;4.16&#8243; custom_padding=&#8220;|||&#8220; global_colors_info=&#8220;{}&#8220; custom_padding__hover=&#8220;|||&#8220;][et_pb_testimonial author=&#8220;Euer DJ Markus Weiss&#8220; portrait_url=&#8220;https:\/\/www.markus-weiss.at\/home\/wp-content\/uploads\/2019\/08\/poster-fiesta-disco-siluetas_neu.jpg&#8220; quote_icon_background_color=&#8220;rgba(0,0,0,0)&#8220; portrait_width=&#8220;208px&#8220; portrait_height=&#8220;208px&#8220; _builder_version=&#8220;4.16&#8243; body_font=&#8220;||||||||&#8220; body_text_align=&#8220;center&#8220; body_text_color=&#8220;rgba(0,0,0,0.75)&#8220; body_font_size=&#8220;18px&#8220; body_letter_spacing=&#8220;2px&#8220; body_line_height=&#8220;1.2em&#8220; background_color=&#8220;#ffffff&#8220; text_orientation=&#8220;center&#8220; custom_margin=&#8220;||30px|||&#8220; child_filter_sepia=&#8220;35%&#8220; border_radii_portrait=&#8220;|104px|104px|104px|104px&#8220; box_shadow_style_image=&#8220;preset6&#8243; global_colors_info=&#8220;{}&#8220;]<\/p>\n<p style=\"text-align: center;\"><strong><br \/>ABSHAKEN VORPROGRAMMIERT!<\/strong><\/p>\n<p style=\"text-align: center;\">Niveauvolle Moderation, Unterst\u00fctzung bei Showeinlagen und das &#8222;Feeling&#8220; f\u00fcr die besten Hits im richtigen Moment zeichnen mich aus.<\/p>\n<p style=\"text-align: center;\">Eine vorgefertigte Notebook-Playlist gibt es von mir nur f\u00fcr das Abendessen.<\/p>\n<p>[\/et_pb_testimonial][\/et_pb_column][\/et_pb_row][\/et_pb_section]<\/p>\n","protected":false},"excerpt":{"rendered":"<p>Durch jahrelange Erfahrung als DJ, mein vielf\u00e4ltiges Know-how in Sachen Eventmanagement sowie umfangreiches Musikwissen bin ich DER Experte f\u00fcr dein Event. Mein Gesp\u00fcr und der richtige Riecher f\u00fcr die besten Hits im passenden Moment zeichnen mich aus. Ich habe meine Leidenschaft zum Beruf gemacht und mich vor fast 25 Jahren ganz der Musik und stilvollen [&hellip;]<\/p>\n","protected":false},"author":1,"featured_media":0,"parent":0,"menu_order":0,"comment_status":"closed","ping_status":"closed","template":"","meta":{"_et_pb_use_builder":"on","_et_pb_old_content":"","_et_gb_content_width":"","footnotes":""},"class_list":["post-30896","page","type-page","status-publish","hentry"],"_links":{"self":[{"href":"https:\/\/www.markus-weiss.at\/home\/wp-json\/wp\/v2\/pages\/30896","targetHints":{"allow":["GET"]}}],"collection":[{"href":"https:\/\/www.markus-weiss.at\/home\/wp-json\/wp\/v2\/pages"}],"about":[{"href":"https:\/\/www.markus-weiss.at\/home\/wp-json\/wp\/v2\/types\/page"}],"author":[{"embeddable":true,"href":"https:\/\/www.markus-weiss.at\/home\/wp-json\/wp\/v2\/users\/1"}],"replies":[{"embeddable":true,"href":"https:\/\/www.markus-weiss.at\/home\/wp-json\/wp\/v2\/comments?post=30896"}],"version-history":[{"count":8,"href":"https:\/\/www.markus-weiss.at\/home\/wp-json\/wp\/v2\/pages\/30896\/revisions"}],"predecessor-version":[{"id":30917,"href":"https:\/\/www.markus-weiss.at\/home\/wp-json\/wp\/v2\/pages\/30896\/revisions\/30917"}],"wp:attachment":[{"href":"https:\/\/www.markus-weiss.at\/home\/wp-json\/wp\/v2\/media?parent=30896"}],"curies":[{"name":"wp","href":"https:\/\/api.w.org\/{rel}","templated":true}]}}